{"id":263,"date":"2024-04-15T14:11:19","date_gmt":"2024-04-15T14:11:19","guid":{"rendered":"http:\/\/szerip.hu\/bemutatkozas\/"},"modified":"2024-04-22T14:20:50","modified_gmt":"2024-04-22T14:20:50","slug":"introduction","status":"publish","type":"page","link":"https:\/\/szerip.hu\/en\/introduction\/","title":{"rendered":"Introduction"},"content":{"rendered":"<style>.kb-row-layout-id263_2dc314-16 > .kt-row-column-wrap{align-content:start;}:where(.kb-row-layout-id263_2dc314-16 > .kt-row-column-wrap) > .wp-block-kadence-column{justify-content:start;}.kb-row-layout-id263_2dc314-16 > .kt-row-column-wrap{column-gap:var(--global-kb-gap-md, 2rem);row-gap:var(--global-kb-gap-md, 2rem);padding-top:0px;padding-bottom:var(--global-kb-spacing-sm, 1.5rem);grid-template-columns:repeat(2, minmax(0, 1fr));}.kb-row-layout-id263_2dc314-16 > .kt-row-layout-overlay{opacity:0.30;}@media all and (max-width: 1024px){.kb-row-layout-id263_2dc314-16 > .kt-row-column-wrap{grid-template-columns:repeat(2, minmax(0, 1fr));}}@media all and (max-width: 767px){.kb-row-layout-id263_2dc314-16 > .kt-row-column-wrap{grid-template-columns:minmax(0, 1fr);}}<\/style><div class=\"kb-row-layout-wrap kb-row-layout-id263_2dc314-16 alignnone wp-block-kadence-rowlayout\"><div class=\"kt-row-column-wrap kt-has-2-columns kt-row-layout-equal kt-tab-layout-inherit kt-mobile-layout-row kt-row-valign-top\">\n<style>.kadence-column263_ac9480-0b > .kt-inside-inner-col,.kadence-column263_ac9480-0b > .kt-inside-inner-col:before{border-top-left-radius:0px;border-top-right-radius:0px;border-bottom-right-radius:0px;border-bottom-left-radius:0px;}.kadence-column263_ac9480-0b > .kt-inside-inner-col{column-gap:var(--global-kb-gap-sm, 1rem);}.kadence-column263_ac9480-0b > .kt-inside-inner-col{flex-direction:column;}.kadence-column263_ac9480-0b > .kt-inside-inner-col > .aligncenter{width:100%;}.kadence-column263_ac9480-0b > .kt-inside-inner-col:before{opacity:0.3;}.kadence-column263_ac9480-0b{position:relative;}@media all and (max-width: 1024px){.kadence-column263_ac9480-0b > .kt-inside-inner-col{flex-direction:column;justify-content:center;}}@media all and (max-width: 767px){.kadence-column263_ac9480-0b > .kt-inside-inner-col{flex-direction:column;justify-content:center;}}<\/style>\n<div class=\"wp-block-kadence-column kadence-column263_ac9480-0b\"><div class=\"kt-inside-inner-col\">\n<p>The company was established in 1990 when four engineers working in different fields of building services engineering decided to capitalize on their expertise in a joint venture. Following the decision, we established SZERIP GMK, which was primarily a building services engineering company. The ownership was later limited to two people, which has remained unchanged since then. The staff on the technical side consists of six main engineers, three main technicians and skilled workers in architecture, building services and electrics.<\/p>\n<\/div><\/div>\n\n\n<style>.kadence-column263_65a864-12 > .kt-inside-inner-col,.kadence-column263_65a864-12 > .kt-inside-inner-col:before{border-top-left-radius:0px;border-top-right-radius:0px;border-bottom-right-radius:0px;border-bottom-left-radius:0px;}.kadence-column263_65a864-12 > .kt-inside-inner-col{column-gap:var(--global-kb-gap-sm, 1rem);}.kadence-column263_65a864-12 > .kt-inside-inner-col{flex-direction:column;}.kadence-column263_65a864-12 > .kt-inside-inner-col > .aligncenter{width:100%;}.kadence-column263_65a864-12 > .kt-inside-inner-col:before{opacity:0.3;}.kadence-column263_65a864-12{position:relative;}@media all and (max-width: 1024px){.kadence-column263_65a864-12 > .kt-inside-inner-col{flex-direction:column;justify-content:center;}}@media all and (max-width: 767px){.kadence-column263_65a864-12 > .kt-inside-inner-col{flex-direction:column;justify-content:center;}}<\/style>\n<div class=\"wp-block-kadence-column kadence-column263_65a864-12\"><div class=\"kt-inside-inner-col\">\n<p>Our company has developed gradually, therefore we have transformed it, and since 1996 it has been operating as a Kft with a registered capital of HUF 10 million. The value of our assets exceeds HUF 400 million. Our annual sales revenue is between HUF 1.5-2.5 billion. Our site is located on a 20,000 m<sup>2<\/sup> property in the industrial park in Balmaz\u00fajv\u00e1rosi street in Debrecen. The composition of the building stock is as follows: office building &#8211; 560 m<sup>2<\/sup>, workshop (manufacture and installation work) &#8211; 1700 m<sup>2<\/sup> and warehouse &#8211; 1100 m<sup>2<\/sup>. Our own vehicle fleet ensures operation, which consists of 12 trucks and 8 cars.<\/p>\n<\/div><\/div>\n\n<\/div><\/div>\n\n<style>.kb-row-layout-id263_1c1f1e-bd > .kt-row-column-wrap{align-content:start;}:where(.kb-row-layout-id263_1c1f1e-bd > .kt-row-column-wrap) > .wp-block-kadence-column{justify-content:start;}.kb-row-layout-id263_1c1f1e-bd > .kt-row-column-wrap{column-gap:var(--global-kb-gap-md, 2rem);row-gap:var(--global-kb-gap-md, 2rem);padding-top:var(--global-kb-spacing-xxl, 5rem);padding-bottom:var(--global-kb-spacing-sm, 1.5rem);grid-template-columns:repeat(2, minmax(0, 1fr));}.kb-row-layout-id263_1c1f1e-bd > .kt-row-layout-overlay{opacity:0.30;}@media all and (max-width: 1024px){.kb-row-layout-id263_1c1f1e-bd > .kt-row-column-wrap{grid-template-columns:repeat(2, minmax(0, 1fr));}}@media all and (max-width: 767px){.kb-row-layout-id263_1c1f1e-bd > .kt-row-column-wrap{grid-template-columns:minmax(0, 1fr);}}<\/style><div class=\"kb-row-layout-wrap kb-row-layout-id263_1c1f1e-bd alignnone wp-block-kadence-rowlayout\"><div class=\"kt-row-column-wrap kt-has-2-columns kt-row-layout-equal kt-tab-layout-inherit kt-mobile-layout-row kt-row-valign-top\">\n<style>.kadence-column263_3f051f-30 > .kt-inside-inner-col,.kadence-column263_3f051f-30 > .kt-inside-inner-col:before{border-top-left-radius:0px;border-top-right-radius:0px;border-bottom-right-radius:0px;border-bottom-left-radius:0px;}.kadence-column263_3f051f-30 > .kt-inside-inner-col{column-gap:var(--global-kb-gap-sm, 1rem);}.kadence-column263_3f051f-30 > .kt-inside-inner-col{flex-direction:column;}.kadence-column263_3f051f-30 > .kt-inside-inner-col > .aligncenter{width:100%;}.kadence-column263_3f051f-30 > .kt-inside-inner-col:before{opacity:0.3;}.kadence-column263_3f051f-30{position:relative;}@media all and (max-width: 1024px){.kadence-column263_3f051f-30 > .kt-inside-inner-col{flex-direction:column;justify-content:center;}}@media all and (max-width: 767px){.kadence-column263_3f051f-30 > .kt-inside-inner-col{flex-direction:column;justify-content:center;}}<\/style>\n<div class=\"wp-block-kadence-column kadence-column263_3f051f-30\"><div class=\"kt-inside-inner-col\">\n<p>Our company employs 35-40 people, including skilled plumbers, qualified welders, air conditioner experts, locksmiths, mechanical and electrical technicians, building services engineers, energetics engineers and management.<\/p>\n\n\n\n<p><strong>We perform work in accordance with ISO 9001:2009 and MSZ EN 14001:2002 standards.<br><br><\/strong><\/p>\n<\/div><\/div>\n\n\n<style>.kadence-column263_8607c6-0d > .kt-inside-inner-col,.kadence-column263_8607c6-0d > .kt-inside-inner-col:before{border-top-left-radius:0px;border-top-right-radius:0px;border-bottom-right-radius:0px;border-bottom-left-radius:0px;}.kadence-column263_8607c6-0d > .kt-inside-inner-col{column-gap:var(--global-kb-gap-sm, 1rem);}.kadence-column263_8607c6-0d > .kt-inside-inner-col{flex-direction:column;}.kadence-column263_8607c6-0d > .kt-inside-inner-col > .aligncenter{width:100%;}.kadence-column263_8607c6-0d > .kt-inside-inner-col:before{opacity:0.3;}.kadence-column263_8607c6-0d{position:relative;}@media all and (max-width: 1024px){.kadence-column263_8607c6-0d > .kt-inside-inner-col{flex-direction:column;justify-content:center;}}@media all and (max-width: 767px){.kadence-column263_8607c6-0d > .kt-inside-inner-col{flex-direction:column;justify-content:center;}}<\/style>\n<div class=\"wp-block-kadence-column kadence-column263_8607c6-0d\"><div class=\"kt-inside-inner-col\">\n<p>Our company has been carrying out general, contractual, professional installation and technological installation activities since its establishment. When performing these activities, we need subcontractors, and we usually employ companies on a regular basis that we already know and qualify them.<\/p>\n\n\n\n<p>Our business policy: high technical standard and quality, flawless delivery on time, with satisfaction of customer needs.&nbsp;<\/p>\n<\/div><\/div>\n\n<\/div><\/div>\n\n<style>.kb-row-layout-id263_753521-3c > .kt-row-column-wrap{align-content:start;}:where(.kb-row-layout-id263_753521-3c > .kt-row-column-wrap) > .wp-block-kadence-column{justify-content:start;}.kb-row-layout-id263_753521-3c > .kt-row-column-wrap{column-gap:var(--global-kb-gap-md, 2rem);row-gap:var(--global-kb-gap-md, 2rem);padding-top:var(--global-kb-spacing-sm, 1.5rem);padding-bottom:var(--global-kb-spacing-sm, 1.5rem);grid-template-columns:minmax(0, 1fr);}.kb-row-layout-id263_753521-3c > .kt-row-layout-overlay{opacity:0.30;}@media all and (max-width: 1024px){.kb-row-layout-id263_753521-3c > .kt-row-column-wrap{grid-template-columns:minmax(0, 1fr);}}@media all and (max-width: 767px){.kb-row-layout-id263_753521-3c > .kt-row-column-wrap{grid-template-columns:minmax(0, 1fr);}}<\/style><div class=\"kb-row-layout-wrap kb-row-layout-id263_753521-3c alignnone wp-block-kadence-rowlayout\"><div class=\"kt-row-column-wrap kt-has-1-columns kt-row-layout-equal kt-tab-layout-inherit kt-mobile-layout-row kt-row-valign-top\">\n<style>.kadence-column263_8913fe-3b > .kt-inside-inner-col,.kadence-column263_8913fe-3b > .kt-inside-inner-col:before{border-top-left-radius:0px;border-top-right-radius:0px;border-bottom-right-radius:0px;border-bottom-left-radius:0px;}.kadence-column263_8913fe-3b > .kt-inside-inner-col{column-gap:var(--global-kb-gap-sm, 1rem);}.kadence-column263_8913fe-3b > .kt-inside-inner-col{flex-direction:column;}.kadence-column263_8913fe-3b > .kt-inside-inner-col > .aligncenter{width:100%;}.kadence-column263_8913fe-3b > .kt-inside-inner-col:before{opacity:0.3;}.kadence-column263_8913fe-3b{position:relative;}@media all and (max-width: 1024px){.kadence-column263_8913fe-3b > .kt-inside-inner-col{flex-direction:column;justify-content:center;}}@media all and (max-width: 767px){.kadence-column263_8913fe-3b > .kt-inside-inner-col{flex-direction:column;justify-content:center;}}<\/style>\n<div class=\"wp-block-kadence-column kadence-column263_8913fe-3b\"><div class=\"kt-inside-inner-col\"><style>.wp-block-kadence-advancedheading.kt-adv-heading263_ac677e-69, .wp-block-kadence-advancedheading.kt-adv-heading263_ac677e-69[data-kb-block=\"kb-adv-heading263_ac677e-69\"]{text-align:center;font-style:normal;}.wp-block-kadence-advancedheading.kt-adv-heading263_ac677e-69 mark.kt-highlight, .wp-block-kadence-advancedheading.kt-adv-heading263_ac677e-69[data-kb-block=\"kb-adv-heading263_ac677e-69\"] mark.kt-highlight{font-style:normal;color:#f76a0c;-webkit-box-decoration-break:clone;box-decoration-break:clone;padding-top:0px;padding-right:0px;padding-bottom:0px;padding-left:0px;}<\/style>\n<h2 class=\"kt-adv-heading263_ac677e-69 wp-block-kadence-advancedheading\" data-kb-block=\"kb-adv-heading263_ac677e-69\">Our core activities are as follows<\/h2>\n\n\n\n<ol class=\"wp-block-list\">\n<li>Design and construction of regular building services engineering implementation works.<\/li>\n\n\n\n<li>Technological installation works (design of cleanrooms validated by general construction).<\/li>\n\n\n\n<li>Technological installation works related to wastewater management.<\/li>\n\n\n\n<li>Manufacturing custom stainless, acid resistant steel pipe fittings and products.<\/li>\n\n\n\n<li>Our service group performs the implementation, repair, and maintenance of boilers, forced draught burners, air-conditioners, air treatment installations. In addition, they are in charge of building management and automation tasks.<\/li>\n\n\n\n<li>Installation works and manufacturing of steel structures in our locksmith workshop. We design and manufacture ventilation profiles with our plasma cutting machine.<\/li>\n<\/ol>\n<\/div><\/div>\n\n\n<style>.kadence-column263_caa5ed-4f > .kt-inside-inner-col,.kadence-column263_caa5ed-4f > .kt-inside-inner-col:before{border-top-left-radius:0px;border-top-right-radius:0px;border-bottom-right-radius:0px;border-bottom-left-radius:0px;}.kadence-column263_caa5ed-4f > .kt-inside-inner-col{column-gap:var(--global-kb-gap-sm, 1rem);}.kadence-column263_caa5ed-4f > .kt-inside-inner-col{flex-direction:column;}.kadence-column263_caa5ed-4f > .kt-inside-inner-col > .aligncenter{width:100%;}.kadence-column263_caa5ed-4f > .kt-inside-inner-col:before{opacity:0.3;}.kadence-column263_caa5ed-4f{position:relative;}@media all and (max-width: 1024px){.kadence-column263_caa5ed-4f > .kt-inside-inner-col{flex-direction:column;justify-content:center;}}@media all and (max-width: 767px){.kadence-column263_caa5ed-4f > .kt-inside-inner-col{flex-direction:column;justify-content:center;}}<\/style>\n<div class=\"wp-block-kadence-column kadence-column263_caa5ed-4f\"><div class=\"kt-inside-inner-col\"><\/div><\/div>\n\n<\/div><\/div>","protected":false},"excerpt":{"rendered":"<p>The company was established in 1990 when four engineers working in different fields of building services engineering decided to capitalize on their expertise in a joint venture. Following the decision, we established SZERIP GMK, which was primarily a building services engineering company. The ownership was later limited to two people, which has remained unchanged since [&hellip;]<\/p>\n<a class=\"read-more-link\" href=\" https:\/\/szerip.hu\/en\/introduction\/ \">Read more<\/a>","protected":false},"author":1,"featured_media":0,"parent":0,"menu_order":0,"comment_status":"closed","ping_status":"closed","template":"","meta":{"footnotes":""},"class_list":["post-263","page","type-page","status-publish","hentry"],"yoast_head":"<!-- This site is optimized with the Yoast SEO plugin v23.9 - https:\/\/yoast.com\/wordpress\/plugins\/seo\/ -->\n<title>Introduction - Szerip \u2013 Szerel\u0151ipari Kivitelez\u0151 \u00e9s Tervez\u0151 Kft.<\/title>\n<meta name=\"robots\" content=\"index, follow, max-snippet:-1, max-image-preview:large, max-video-preview:-1\" \/>\n<link rel=\"canonical\" href=\"https:\/\/szerip.hu\/bemutatkozas\/\" \/>\n<meta property=\"og:locale\" content=\"en_US\" \/>\n<meta property=\"og:type\" content=\"article\" \/>\n<meta property=\"og:title\" content=\"Introduction - Szerip \u2013 Szerel\u0151ipari Kivitelez\u0151 \u00e9s Tervez\u0151 Kft.\" \/>\n<meta property=\"og:description\" content=\"The company was established in 1990 when four engineers working in different fields of building services engineering decided to capitalize on their expertise in a joint venture. Following the decision, we established SZERIP GMK, which was primarily a building services engineering company. The ownership was later limited to two people, which has remained unchanged since [&hellip;]\" \/>\n<meta property=\"og:url\" content=\"https:\/\/szerip.hu\/bemutatkozas\/\" \/>\n<meta property=\"og:site_name\" content=\"Szerip \u2013 Szerel\u0151ipari Kivitelez\u0151 \u00e9s Tervez\u0151 Kft.\" \/>\n<meta property=\"article:modified_time\" content=\"2024-04-22T14:20:50+00:00\" \/>\n<meta name=\"twitter:card\" content=\"summary_large_image\" \/>\n<meta name=\"twitter:label1\" content=\"Est. reading time\" \/>\n\t<meta name=\"twitter:data1\" content=\"3 minutes\" \/>\n<script type=\"application\/ld+json\" class=\"yoast-schema-graph\">{\"@context\":\"https:\/\/schema.org\",\"@graph\":[{\"@type\":\"WebPage\",\"@id\":\"https:\/\/szerip.hu\/bemutatkozas\/\",\"url\":\"https:\/\/szerip.hu\/bemutatkozas\/\",\"name\":\"Introduction - Szerip \u2013 Szerel\u0151ipari Kivitelez\u0151 \u00e9s Tervez\u0151 Kft.\",\"isPartOf\":{\"@id\":\"https:\/\/szerip.hu\/#website\"},\"datePublished\":\"2024-04-15T14:11:19+00:00\",\"dateModified\":\"2024-04-22T14:20:50+00:00\",\"breadcrumb\":{\"@id\":\"https:\/\/szerip.hu\/bemutatkozas\/#breadcrumb\"},\"inLanguage\":\"en-US\",\"potentialAction\":[{\"@type\":\"ReadAction\",\"target\":[\"https:\/\/szerip.hu\/bemutatkozas\/\"]}]},{\"@type\":\"BreadcrumbList\",\"@id\":\"https:\/\/szerip.hu\/bemutatkozas\/#breadcrumb\",\"itemListElement\":[{\"@type\":\"ListItem\",\"position\":1,\"name\":\"Kezd\u0151lap\",\"item\":\"https:\/\/szerip.hu\/en\/\"},{\"@type\":\"ListItem\",\"position\":2,\"name\":\"Introduction\"}]},{\"@type\":\"WebSite\",\"@id\":\"https:\/\/szerip.hu\/#website\",\"url\":\"https:\/\/szerip.hu\/\",\"name\":\"Szerip \u2013 Szerel\u0151ipari Kivitelez\u0151 \u00e9s Tervez\u0151 Kft.\",\"description\":\"\",\"publisher\":{\"@id\":\"https:\/\/szerip.hu\/#organization\"},\"potentialAction\":[{\"@type\":\"SearchAction\",\"target\":{\"@type\":\"EntryPoint\",\"urlTemplate\":\"https:\/\/szerip.hu\/?s={search_term_string}\"},\"query-input\":{\"@type\":\"PropertyValueSpecification\",\"valueRequired\":true,\"valueName\":\"search_term_string\"}}],\"inLanguage\":\"en-US\"},{\"@type\":\"Organization\",\"@id\":\"https:\/\/szerip.hu\/#organization\",\"name\":\"Szerip \u2013 Szerel\u0151ipari Kivitelez\u0151 \u00e9s Tervez\u0151 Kft.\",\"url\":\"https:\/\/szerip.hu\/\",\"logo\":{\"@type\":\"ImageObject\",\"inLanguage\":\"en-US\",\"@id\":\"https:\/\/szerip.hu\/#\/schema\/logo\/image\/\",\"url\":\"https:\/\/szerip.hu\/wp-content\/uploads\/2024\/04\/szerip-logo.png\",\"contentUrl\":\"https:\/\/szerip.hu\/wp-content\/uploads\/2024\/04\/szerip-logo.png\",\"width\":1784,\"height\":840,\"caption\":\"Szerip \u2013 Szerel\u0151ipari Kivitelez\u0151 \u00e9s Tervez\u0151 Kft.\"},\"image\":{\"@id\":\"https:\/\/szerip.hu\/#\/schema\/logo\/image\/\"}}]}<\/script>\n<!-- \/ Yoast SEO plugin. -->","yoast_head_json":{"title":"Introduction - Szerip \u2013 Szerel\u0151ipari Kivitelez\u0151 \u00e9s Tervez\u0151 Kft.","robots":{"index":"index","follow":"follow","max-snippet":"max-snippet:-1","max-image-preview":"max-image-preview:large","max-video-preview":"max-video-preview:-1"},"canonical":"https:\/\/szerip.hu\/bemutatkozas\/","og_locale":"en_US","og_type":"article","og_title":"Introduction - Szerip \u2013 Szerel\u0151ipari Kivitelez\u0151 \u00e9s Tervez\u0151 Kft.","og_description":"The company was established in 1990 when four engineers working in different fields of building services engineering decided to capitalize on their expertise in a joint venture. Following the decision, we established SZERIP GMK, which was primarily a building services engineering company. The ownership was later limited to two people, which has remained unchanged since [&hellip;]","og_url":"https:\/\/szerip.hu\/bemutatkozas\/","og_site_name":"Szerip \u2013 Szerel\u0151ipari Kivitelez\u0151 \u00e9s Tervez\u0151 Kft.","article_modified_time":"2024-04-22T14:20:50+00:00","twitter_card":"summary_large_image","twitter_misc":{"Est. reading time":"3 minutes"},"schema":{"@context":"https:\/\/schema.org","@graph":[{"@type":"WebPage","@id":"https:\/\/szerip.hu\/bemutatkozas\/","url":"https:\/\/szerip.hu\/bemutatkozas\/","name":"Introduction - Szerip \u2013 Szerel\u0151ipari Kivitelez\u0151 \u00e9s Tervez\u0151 Kft.","isPartOf":{"@id":"https:\/\/szerip.hu\/#website"},"datePublished":"2024-04-15T14:11:19+00:00","dateModified":"2024-04-22T14:20:50+00:00","breadcrumb":{"@id":"https:\/\/szerip.hu\/bemutatkozas\/#breadcrumb"},"inLanguage":"en-US","potentialAction":[{"@type":"ReadAction","target":["https:\/\/szerip.hu\/bemutatkozas\/"]}]},{"@type":"BreadcrumbList","@id":"https:\/\/szerip.hu\/bemutatkozas\/#breadcrumb","itemListElement":[{"@type":"ListItem","position":1,"name":"Kezd\u0151lap","item":"https:\/\/szerip.hu\/en\/"},{"@type":"ListItem","position":2,"name":"Introduction"}]},{"@type":"WebSite","@id":"https:\/\/szerip.hu\/#website","url":"https:\/\/szerip.hu\/","name":"Szerip \u2013 Szerel\u0151ipari Kivitelez\u0151 \u00e9s Tervez\u0151 Kft.","description":"","publisher":{"@id":"https:\/\/szerip.hu\/#organization"},"potentialAction":[{"@type":"SearchAction","target":{"@type":"EntryPoint","urlTemplate":"https:\/\/szerip.hu\/?s={search_term_string}"},"query-input":{"@type":"PropertyValueSpecification","valueRequired":true,"valueName":"search_term_string"}}],"inLanguage":"en-US"},{"@type":"Organization","@id":"https:\/\/szerip.hu\/#organization","name":"Szerip \u2013 Szerel\u0151ipari Kivitelez\u0151 \u00e9s Tervez\u0151 Kft.","url":"https:\/\/szerip.hu\/","logo":{"@type":"ImageObject","inLanguage":"en-US","@id":"https:\/\/szerip.hu\/#\/schema\/logo\/image\/","url":"https:\/\/szerip.hu\/wp-content\/uploads\/2024\/04\/szerip-logo.png","contentUrl":"https:\/\/szerip.hu\/wp-content\/uploads\/2024\/04\/szerip-logo.png","width":1784,"height":840,"caption":"Szerip \u2013 Szerel\u0151ipari Kivitelez\u0151 \u00e9s Tervez\u0151 Kft."},"image":{"@id":"https:\/\/szerip.hu\/#\/schema\/logo\/image\/"}}]}},"_links":{"self":[{"href":"https:\/\/szerip.hu\/en\/wp-json\/wp\/v2\/pages\/263","targetHints":{"allow":["GET"]}}],"collection":[{"href":"https:\/\/szerip.hu\/en\/wp-json\/wp\/v2\/pages"}],"about":[{"href":"https:\/\/szerip.hu\/en\/wp-json\/wp\/v2\/types\/page"}],"author":[{"embeddable":true,"href":"https:\/\/szerip.hu\/en\/wp-json\/wp\/v2\/users\/1"}],"replies":[{"embeddable":true,"href":"https:\/\/szerip.hu\/en\/wp-json\/wp\/v2\/comments?post=263"}],"version-history":[{"count":3,"href":"https:\/\/szerip.hu\/en\/wp-json\/wp\/v2\/pages\/263\/revisions"}],"predecessor-version":[{"id":286,"href":"https:\/\/szerip.hu\/en\/wp-json\/wp\/v2\/pages\/263\/revisions\/286"}],"wp:attachment":[{"href":"https:\/\/szerip.hu\/en\/wp-json\/wp\/v2\/media?parent=263"}],"curies":[{"name":"wp","href":"https:\/\/api.w.org\/{rel}","templated":true}]}}